{"id":846,"date":"2018-05-19T15:13:36","date_gmt":"2018-05-19T15:13:36","guid":{"rendered":"http:\/\/dev.agenciamapache.com\/BMT\/?page_id=846"},"modified":"2018-08-06T10:40:54","modified_gmt":"2018-08-06T10:40:54","slug":"nauseas-severas","status":"publish","type":"page","link":"https:\/\/floridacannabisdoctorclinic.com\/es\/nauseas-severas\/","title":{"rendered":"N\u00e1useas Severas"},"content":{"rendered":"<h2>\r\nMarihuana medicinal y las n\u00e1useas severas\r\n<\/h2>\r\n<p>\r\nTodos hemos tenido un malestar estomacal antes. Pero algunos pacientes experimentan n\u00e1useas cr\u00f3nicas y severas que se interponen en el camino de vivir una vida de calidad. Puede ser causado por un trastorno subyacente, o puede funcionar como su propia condici\u00f3n. En ocasiones, incluso la medicaci\u00f3n y el tratamiento destinados a tratar una afecci\u00f3n diferente pueden causar n\u00e1useas cr\u00f3nicas.\r\n<br> <br> <br>\r\nIndependientemente de la causa de sus n\u00e1useas intensas, hace que sea dif\u00edcil tratar sus otros s\u00edntomas. Ah\u00ed es donde entramos. Creemos que el cannabis medicinal puede ser un tratamiento ideal para las n\u00e1useas graves. Para ayudarlo a tomar una decisi\u00f3n informada sobre las opciones disponibles para usted, repasemos algunos de los hechos sobre la marihuana medicinal y su utilidad en el tratamiento de las n\u00e1useas.\r\n<\/p>\r\n\r\n<h2> Acerca de las n\u00e1useas severas <\/h2>\r\n<p>\r\nSi bien a menudo se asocia con la gripe estomacal, el embarazo y los trastornos gastrointestinales, las n\u00e1useas pueden ser un s\u00edntoma principal o un efecto secundario de los trastornos de az\u00facar en la sangre, los trastornos de ansiedad y m\u00e1s. Cuando un paciente experimenta n\u00e1useas intensas, puede sentirse intensamente mareado, constantemente enfermo de est\u00f3mago o puede experimentar v\u00f3mitos frecuentes.\r\n<br> <br> <br>\r\nDependiendo de la naturaleza de sus problemas de salud, puede haber n\u00e1useas severas como respuesta a ciertos desencadenantes, como medicamentos o un ataque de p\u00e1nico, o puede ocurrir cr\u00f3nicamente como una parte regular de su condici\u00f3n. Puede ocurrir de manera predecible o impredecible, y puede manifestarse de manera diferente en diferentes pacientes. <br> <br>\r\nNo importa cu\u00e1l sea la causa, las n\u00e1useas intensas interfieren con todo tipo de actividades de la vida diaria. Es dif\u00edcil mantener una rutina ordinaria cuando est\u00e1s en constante incomodidad. Tambi\u00e9n es dif\u00edcil desarrollar h\u00e1bitos alimenticios saludables cuando el est\u00f3mago no puede retener la mayor\u00eda de los alimentos. Esto es da\u00f1ino especialmente si est\u00e1s luchando contra una enfermedad, cuando tu cuerpo necesita nutrientes para ayudar a combatir la enfermedad.\r\n\r\n<\/p>","protected":false},"excerpt":{"rendered":"<p>Marihuana medicinal y las n\u00e1useas severas Todos hemos tenido un malestar estomacal antes. Pero algunos pacientes experimentan n\u00e1useas cr\u00f3nicas y severas que se interponen en el camino de vivir una vida de calidad. Puede ser causado por un trastorno subyacente, o puede funcionar como su propia condici\u00f3n. En ocasiones, incluso la medicaci\u00f3n y el tratamiento [&hellip;]<\/p>\n","protected":false},"author":1,"featured_media":0,"parent":0,"menu_order":0,"comment_status":"closed","ping_status":"closed","template":"","meta":{"footnotes":""},"class_list":["post-846","page","type-page","status-publish","hentry"],"_links":{"self":[{"href":"https:\/\/floridacannabisdoctorclinic.com\/es\/wp-json\/wp\/v2\/pages\/846","targetHints":{"allow":["GET"]}}],"collection":[{"href":"https:\/\/floridacannabisdoctorclinic.com\/es\/wp-json\/wp\/v2\/pages"}],"about":[{"href":"https:\/\/floridacannabisdoctorclinic.com\/es\/wp-json\/wp\/v2\/types\/page"}],"author":[{"embeddable":true,"href":"https:\/\/floridacannabisdoctorclinic.com\/es\/wp-json\/wp\/v2\/users\/1"}],"replies":[{"embeddable":true,"href":"https:\/\/floridacannabisdoctorclinic.com\/es\/wp-json\/wp\/v2\/comments?post=846"}],"version-history":[{"count":2,"href":"https:\/\/floridacannabisdoctorclinic.com\/es\/wp-json\/wp\/v2\/pages\/846\/revisions"}],"predecessor-version":[{"id":905,"href":"https:\/\/floridacannabisdoctorclinic.com\/es\/wp-json\/wp\/v2\/pages\/846\/revisions\/905"}],"wp:attachment":[{"href":"https:\/\/floridacannabisdoctorclinic.com\/es\/wp-json\/wp\/v2\/media?parent=846"}],"curies":[{"name":"wp","href":"https:\/\/api.w.org\/{rel}","templated":true}]}}