{"id":844,"date":"2018-05-19T15:12:13","date_gmt":"2018-05-19T15:12:13","guid":{"rendered":"http:\/\/dev.agenciamapache.com\/BMT\/?page_id=844"},"modified":"2018-08-06T10:37:59","modified_gmt":"2018-08-06T10:37:59","slug":"vih-sida","status":"publish","type":"page","link":"https:\/\/floridacannabisdoctorclinic.com\/es\/vih-sida\/","title":{"rendered":"VIH \/ Sida"},"content":{"rendered":"<h2>\r\nMarihuana medicinal y el VIH \/ SIDA\r\n<\/h2>\r\n<p>\r\nSi no est\u00e1 seguro de a qui\u00e9n recurrir despu\u00e9s de haber sido diagnosticado con VIH o SIDA o si se est\u00e1 preguntando sobre sus opciones de tratamiento, podemos ayudarlo. Sus s\u00edntomas pueden incluir p\u00e9rdida de peso, p\u00e9rdida de apetito y neuropat\u00eda perif\u00e9rica. Los efectos secundarios de los medicamentos pueden incluir n\u00e1useas, v\u00f3mitos, ansiedad y problemas para dormir, y conducen a muchos pacientes a investigar la efectividad de la marihuana medicinal para el VIH \/ SIDA. Comprender c\u00f3mo funciona el cannabis medicinal para el VIH \/ SIDA lo ayudar\u00e1 a determinar si es una opci\u00f3n de tratamiento adecuada para usted o un ser querido.\r\n<br> <br> <br>\r\nSeg\u00fan la Organizaci\u00f3n Mundial de la Salud, m\u00e1s de 500,000 estadounidenses han muerto a causa del VIH \/ SIDA, y m\u00e1s de un mill\u00f3n de ciudadanos estadounidenses viven con la enfermedad. Es una afecci\u00f3n cr\u00f3nica y potencialmente mortal que es una de las razones m\u00e1s com\u00fanmente citadas por las que los pacientes de cannabis obtienen marihuana medicinal. De hecho, cada estado de marihuana medicinal incluye el VIH \/ SIDA como una condici\u00f3n m\u00e9dica que califica.\r\n\r\n<br> <br> <br>\r\nLos pacientes que viven con el VIH suelen tomar medicamentos antirretrovirales para prolongar la aparici\u00f3n del SIDA. Pero los efectos secundarios de la terapia antirretroviral, que incluyen n\u00e1useas, v\u00f3mitos, p\u00e9rdida de apetito y dolor severo en las terminaciones nerviosas (polineuropat\u00edas), a menudo son insoportables. Otros efectos secundarios del VIH \/ SIDA incluyen el s\u00edndrome de desgaste o caquexia y dolor intratable. Muchos pacientes usan marihuana medicinal para ayudar a controlar sus s\u00edntomas. Seg\u00fan un estudio de 2005 publicado en el Journal of Acquireired Immune Deficiency Syndromes, m\u00e1s del 60% de los pacientes con VIH usan el cannabis como medicamento.\r\n\r\n<br> <br> <br>\r\nLa marihuana medicinal es ampliamente reconocida como un tratamiento efectivo para los s\u00edntomas del VIH \/ SIDA y los efectos secundarios relacionados con las terapias antirretrovirales que constituyen la primera l\u00ednea de tratamiento para el VIH \/ SIDA. Su valor como antiem\u00e9tico (deja de vomitar) y analg\u00e9sico (alivia el dolor) se ha demostrado en numerosos estudios y ha sido reconocido por varias revisiones patrocinadas por el gobierno.\r\n<br> <br> <br>\r\n\r\nLa marihuana medicinal para el VIH \/ SIDA puede ayudar a aliviar los s\u00edntomas inc\u00f3modos que puede experimentar por la afecci\u00f3n o su tratamiento.\r\n<\/p>","protected":false},"excerpt":{"rendered":"<p>Marihuana medicinal y el VIH \/ SIDA Si no est\u00e1 seguro de a qui\u00e9n recurrir despu\u00e9s de haber sido diagnosticado con VIH o SIDA o si se est\u00e1 preguntando sobre sus opciones de tratamiento, podemos ayudarlo. Sus s\u00edntomas pueden incluir p\u00e9rdida de peso, p\u00e9rdida de apetito y neuropat\u00eda perif\u00e9rica. Los efectos secundarios de los medicamentos [&hellip;]<\/p>\n","protected":false},"author":1,"featured_media":0,"parent":0,"menu_order":0,"comment_status":"closed","ping_status":"closed","template":"","meta":{"footnotes":""},"class_list":["post-844","page","type-page","status-publish","hentry"],"_links":{"self":[{"href":"https:\/\/floridacannabisdoctorclinic.com\/es\/wp-json\/wp\/v2\/pages\/844","targetHints":{"allow":["GET"]}}],"collection":[{"href":"https:\/\/floridacannabisdoctorclinic.com\/es\/wp-json\/wp\/v2\/pages"}],"about":[{"href":"https:\/\/floridacannabisdoctorclinic.com\/es\/wp-json\/wp\/v2\/types\/page"}],"author":[{"embeddable":true,"href":"https:\/\/floridacannabisdoctorclinic.com\/es\/wp-json\/wp\/v2\/users\/1"}],"replies":[{"embeddable":true,"href":"https:\/\/floridacannabisdoctorclinic.com\/es\/wp-json\/wp\/v2\/comments?post=844"}],"version-history":[{"count":2,"href":"https:\/\/floridacannabisdoctorclinic.com\/es\/wp-json\/wp\/v2\/pages\/844\/revisions"}],"predecessor-version":[{"id":901,"href":"https:\/\/floridacannabisdoctorclinic.com\/es\/wp-json\/wp\/v2\/pages\/844\/revisions\/901"}],"wp:attachment":[{"href":"https:\/\/floridacannabisdoctorclinic.com\/es\/wp-json\/wp\/v2\/media?parent=844"}],"curies":[{"name":"wp","href":"https:\/\/api.w.org\/{rel}","templated":true}]}}