{"id":842,"date":"2018-05-19T15:11:03","date_gmt":"2018-05-19T15:11:03","guid":{"rendered":"http:\/\/dev.agenciamapache.com\/BMT\/?page_id=842"},"modified":"2018-08-06T10:36:44","modified_gmt":"2018-08-06T10:36:44","slug":"fibromialgia","status":"publish","type":"page","link":"https:\/\/floridacannabisdoctorclinic.com\/es\/fibromialgia\/","title":{"rendered":"Fibromialgia"},"content":{"rendered":"<h2>\r\nMarihuana medicinal y fibromialgia\r\n<\/h2>\r\n<p>\r\nLa fibromialgia causa dolor debilitante que es dif\u00edcil de tratar. Sin una cura para la afecci\u00f3n y muy pocas opciones de tratamiento tradicionales eficaces, no sorprende que los pacientes puedan investigar la efectividad de la marihuana medicinal para la fibromialgia. Aprenda m\u00e1s sobre la marihuana y la fibromialgia para determinar si es una buena opci\u00f3n de tratamiento para usted o un ser querido.\r\n<\/p>\r\n\r\n<h2> \u00bfQu\u00e9 es la Fibromialgia? <\/h2>\r\n<p>\r\nLa fibromialgia es una afecci\u00f3n com\u00fan que se caracteriza por dolor a largo plazo en todo el cuerpo y puntos sensibles en las articulaciones, los m\u00fasculos, los tendones y otros tejidos blandos. El dolor viene y se va. Algunos pacientes experimentan dolor que migra o se mueve alrededor del cuerpo.\r\n<br> <br> <br>\r\nLa fibromialgia es una condici\u00f3n compleja que no se entiende ampliamente. Los investigadores creen que el dolor puede ser causado por la hipersensibilidad a los est\u00edmulos que, en circunstancias normales, no ser\u00edan dolorosas. En otras palabras, la condici\u00f3n ocurre cuando el cuerpo no procesa el dolor normalmente. Afecta a unos cinco millones de adultos estadounidenses.\r\n\r\n<\/p>","protected":false},"excerpt":{"rendered":"<p>Marihuana medicinal y fibromialgia La fibromialgia causa dolor debilitante que es dif\u00edcil de tratar. Sin una cura para la afecci\u00f3n y muy pocas opciones de tratamiento tradicionales eficaces, no sorprende que los pacientes puedan investigar la efectividad de la marihuana medicinal para la fibromialgia. Aprenda m\u00e1s sobre la marihuana y la fibromialgia para determinar si [&hellip;]<\/p>\n","protected":false},"author":1,"featured_media":0,"parent":0,"menu_order":0,"comment_status":"closed","ping_status":"closed","template":"","meta":{"footnotes":""},"class_list":["post-842","page","type-page","status-publish","hentry"],"_links":{"self":[{"href":"https:\/\/floridacannabisdoctorclinic.com\/es\/wp-json\/wp\/v2\/pages\/842","targetHints":{"allow":["GET"]}}],"collection":[{"href":"https:\/\/floridacannabisdoctorclinic.com\/es\/wp-json\/wp\/v2\/pages"}],"about":[{"href":"https:\/\/floridacannabisdoctorclinic.com\/es\/wp-json\/wp\/v2\/types\/page"}],"author":[{"embeddable":true,"href":"https:\/\/floridacannabisdoctorclinic.com\/es\/wp-json\/wp\/v2\/users\/1"}],"replies":[{"embeddable":true,"href":"https:\/\/floridacannabisdoctorclinic.com\/es\/wp-json\/wp\/v2\/comments?post=842"}],"version-history":[{"count":2,"href":"https:\/\/floridacannabisdoctorclinic.com\/es\/wp-json\/wp\/v2\/pages\/842\/revisions"}],"predecessor-version":[{"id":898,"href":"https:\/\/floridacannabisdoctorclinic.com\/es\/wp-json\/wp\/v2\/pages\/842\/revisions\/898"}],"wp:attachment":[{"href":"https:\/\/floridacannabisdoctorclinic.com\/es\/wp-json\/wp\/v2\/media?parent=842"}],"curies":[{"name":"wp","href":"https:\/\/api.w.org\/{rel}","templated":true}]}}