{"id":840,"date":"2018-05-19T15:10:02","date_gmt":"2018-05-19T15:10:02","guid":{"rendered":"http:\/\/dev.agenciamapache.com\/BMT\/?page_id=840"},"modified":"2018-08-06T10:35:33","modified_gmt":"2018-08-06T10:35:33","slug":"enfermedad-de-crohn","status":"publish","type":"page","link":"https:\/\/floridacannabisdoctorclinic.com\/es\/enfermedad-de-crohn\/","title":{"rendered":"Enfermedad de Crohn"},"content":{"rendered":"<h2>\r\nMarihuana medicinal y enfermedad de Crohn\r\n<\/h2>\r\n<p>\r\nExiste una creciente conciencia sobre tratamientos alternativos para enfermedades cr\u00f3nicas. Muchos pacientes est\u00e1n buscando remedios naturales como un medio para complementar sus tratamientos convencionales actuales. Otros optan por soluciones a base de hierbas porque no responden a sus medicamentos recetados o est\u00e1n experimentando efectos secundarios intensos de ellos.\r\n\r\n<br> <br> <br>\r\nEsto parece ser particularmente preocupante entre los pacientes con enfermedad de Crohn. Muchos enfermos est\u00e1n buscando marihuana medicinal para la enfermedad de Crohn, ya sea como tratamiento primario o complementario a esta condici\u00f3n cr\u00f3nica y debilitante.\r\n<\/p>\r\n\r\n<h2> \u00bfQu\u00e9 es la enfermedad de Crohn? <\/h2>\r\n<p>\r\nLa enfermedad de Crohn es una enfermedad cr\u00f3nica incurable del tracto intestinal. Los s\u00edntomas incluyen dolor abdominal, p\u00e9rdida de peso, fiebre, sangrado rectal, irritaciones de la piel y ojos y diarrea. La enfermedad de Crohn es uno de los dos principales tipos de enfermedades inflamatorias del intestino (EII). El otro tipo es colitis ulcerosa. La enfermedad de Crohn afecta el revestimiento del tracto gastrointestinal (GI). La enfermedad de Crohn causa dolor severo, y en casos raros, es potencialmente mortal.\r\n<br> <br> <br>\r\nLa enfermedad de Crohn puede causar inflamaci\u00f3n en varias partes del tracto digestivo desde la boca hasta el recto. Si bien puede afectar a cada paciente de manera diferente, lo m\u00e1s com\u00fan es que afecte a la parte del tracto GI donde el intestino delgado se une al colon. La inflamaci\u00f3n puede ser tan grave que se desarrolla dentro de las capas m\u00e1s profundas de los tejidos intestinales.\r\n<br> <br> <br>\r\nLa enfermedad de Crohn es una enfermedad debilitante y dolorosa que puede causar complicaciones fatales en algunos casos. Se caracteriza por periodos de brotes y remisi\u00f3n. Los brotes son per\u00edodos en los que la inflamaci\u00f3n es m\u00e1s intensa y los s\u00edntomas m\u00e1s dolorosos. Muchos pacientes logran largos per\u00edodos de remisi\u00f3n en los que controlan la inflamaci\u00f3n y los s\u00edntomas. Estas fluctuaciones en la actividad de la enfermedad pueden aparecer y desaparecer varias veces a lo largo de la vida de un paciente.\r\n<\/p>","protected":false},"excerpt":{"rendered":"<p>Marihuana medicinal y enfermedad de Crohn Existe una creciente conciencia sobre tratamientos alternativos para enfermedades cr\u00f3nicas. Muchos pacientes est\u00e1n buscando remedios naturales como un medio para complementar sus tratamientos convencionales actuales. Otros optan por soluciones a base de hierbas porque no responden a sus medicamentos recetados o est\u00e1n experimentando efectos secundarios intensos de ellos. Esto [&hellip;]<\/p>\n","protected":false},"author":1,"featured_media":0,"parent":0,"menu_order":0,"comment_status":"closed","ping_status":"closed","template":"","meta":{"footnotes":""},"class_list":["post-840","page","type-page","status-publish","hentry"],"_links":{"self":[{"href":"https:\/\/floridacannabisdoctorclinic.com\/es\/wp-json\/wp\/v2\/pages\/840","targetHints":{"allow":["GET"]}}],"collection":[{"href":"https:\/\/floridacannabisdoctorclinic.com\/es\/wp-json\/wp\/v2\/pages"}],"about":[{"href":"https:\/\/floridacannabisdoctorclinic.com\/es\/wp-json\/wp\/v2\/types\/page"}],"author":[{"embeddable":true,"href":"https:\/\/floridacannabisdoctorclinic.com\/es\/wp-json\/wp\/v2\/users\/1"}],"replies":[{"embeddable":true,"href":"https:\/\/floridacannabisdoctorclinic.com\/es\/wp-json\/wp\/v2\/comments?post=840"}],"version-history":[{"count":3,"href":"https:\/\/floridacannabisdoctorclinic.com\/es\/wp-json\/wp\/v2\/pages\/840\/revisions"}],"predecessor-version":[{"id":896,"href":"https:\/\/floridacannabisdoctorclinic.com\/es\/wp-json\/wp\/v2\/pages\/840\/revisions\/896"}],"wp:attachment":[{"href":"https:\/\/floridacannabisdoctorclinic.com\/es\/wp-json\/wp\/v2\/media?parent=840"}],"curies":[{"name":"wp","href":"https:\/\/api.w.org\/{rel}","templated":true}]}}