{"id":838,"date":"2018-05-19T15:08:38","date_gmt":"2018-05-19T15:08:38","guid":{"rendered":"http:\/\/dev.agenciamapache.com\/BMT\/?page_id=838"},"modified":"2018-08-09T07:01:32","modified_gmt":"2018-08-09T07:01:32","slug":"cancer","status":"publish","type":"page","link":"https:\/\/floridacannabisdoctorclinic.com\/es\/cancer\/","title":{"rendered":"C\u00e1ncer"},"content":{"rendered":"<h2>\r\nLa Marihuana Medicinal y el C\u00e1ncer\r\n<\/h2>\r\n<p>\r\nEl c\u00e1ncer ha afectado la vida de casi todas las personas que viven en los EE. UU. Hoy. Cuando descubres que tienes c\u00e1ncer, es un shock incre\u00edble para tu sistema. Afortunadamente, hay nuevos tratamientos y formas de manejar la enfermedad que salen regularmente. Si est\u00e1 luchando contra el tratamiento contra el c\u00e1ncer o conoce a alguien que lo es, es probable que se haya preguntado si puede tomar cannabis medicinal contra el c\u00e1ncer para aliviar sus s\u00edntomas.\r\n\r\n<br><br>\r\nMillones de estadounidenses padecen c\u00e1ncer, la segunda causa de muerte en el pa\u00eds. Hay m\u00e1s de 100 tipos de c\u00e1ncer, incluidos el c\u00e1ncer de mama, el c\u00e1ncer de piel, el c\u00e1ncer de pulm\u00f3n, el c\u00e1ncer de colon, el c\u00e1ncer de pr\u00f3stata y el linfoma. Las opciones de tratamiento para el c\u00e1ncer incluyen cirug\u00eda, quimioterapia y radioterapia, que a menudo son duras y causan efectos secundarios graves.\r\n<\/p>\r\n\r\n<h2>Qu\u00e9 es el c\u00e1ncer?<\/h2>\r\n<p>\r\n\tTodo el mundo ha escuchado la palabra, pero \u00bfsabes lo que es esta enfermedad? El c\u00e1ncer comienza en los bloques de construcci\u00f3n de su cuerpo: sus c\u00e9lulas. En una persona sana, su cuerpo crea nuevas c\u00e9lulas cuando las necesita, reemplazando las antiguas que se extinguieron. En una persona con c\u00e1ncer, este proceso sale mal. Incluso cuando su cuerpo no los necesita, las nuevas c\u00e9lulas crecen y las viejas contin\u00faan viviendo cuando no deber\u00edan.\r\n\t<br><br>\r\nEstas c\u00e9lulas adicionales pueden crear una masa que se conoce como tumor. Los tumores pueden ser benignos, no cancerosos o malignos, cancerosos. Cuando tienes un tumor maligno, sus c\u00e9lulas pueden invadir tu tejido sano cercano y, en ocasiones, pueden separarse y diseminarse a otras \u00e1reas de tu cuerpo.\r\n<br><br>\r\nEl c\u00e1ncer es un t\u00e9rmino general utilizado frecuentemente para indicar cualquiera de los diversos tipos de neoplasmas malignos, la mayor\u00eda de los cuales invade los tejidos circundantes, puede hacer met\u00e1stasis en varios sitios y es probable que reaparezcan despu\u00e9s de intentar la extirpaci\u00f3n y matar al paciente a menos que se trate adecuadamente.","protected":false},"excerpt":{"rendered":"<p>La Marihuana Medicinal y el C\u00e1ncer El c\u00e1ncer ha afectado la vida de casi todas las personas que viven en los EE. UU. Hoy. Cuando descubres que tienes c\u00e1ncer, es un shock incre\u00edble para tu sistema. Afortunadamente, hay nuevos tratamientos y formas de manejar la enfermedad que salen regularmente. Si est\u00e1 luchando contra el tratamiento [&hellip;]<\/p>\n","protected":false},"author":1,"featured_media":0,"parent":0,"menu_order":0,"comment_status":"closed","ping_status":"closed","template":"","meta":{"footnotes":""},"class_list":["post-838","page","type-page","status-publish","hentry"],"_links":{"self":[{"href":"https:\/\/floridacannabisdoctorclinic.com\/es\/wp-json\/wp\/v2\/pages\/838","targetHints":{"allow":["GET"]}}],"collection":[{"href":"https:\/\/floridacannabisdoctorclinic.com\/es\/wp-json\/wp\/v2\/pages"}],"about":[{"href":"https:\/\/floridacannabisdoctorclinic.com\/es\/wp-json\/wp\/v2\/types\/page"}],"author":[{"embeddable":true,"href":"https:\/\/floridacannabisdoctorclinic.com\/es\/wp-json\/wp\/v2\/users\/1"}],"replies":[{"embeddable":true,"href":"https:\/\/floridacannabisdoctorclinic.com\/es\/wp-json\/wp\/v2\/comments?post=838"}],"version-history":[{"count":3,"href":"https:\/\/floridacannabisdoctorclinic.com\/es\/wp-json\/wp\/v2\/pages\/838\/revisions"}],"predecessor-version":[{"id":909,"href":"https:\/\/floridacannabisdoctorclinic.com\/es\/wp-json\/wp\/v2\/pages\/838\/revisions\/909"}],"wp:attachment":[{"href":"https:\/\/floridacannabisdoctorclinic.com\/es\/wp-json\/wp\/v2\/media?parent=838"}],"curies":[{"name":"wp","href":"https:\/\/api.w.org\/{rel}","templated":true}]}}