{"id":836,"date":"2018-05-19T15:07:22","date_gmt":"2018-05-19T15:07:22","guid":{"rendered":"http:\/\/dev.agenciamapache.com\/BMT\/?page_id=836"},"modified":"2018-08-06T10:38:33","modified_gmt":"2018-08-06T10:38:33","slug":"esclerosis-multiple","status":"publish","type":"page","link":"https:\/\/floridacannabisdoctorclinic.com\/es\/esclerosis-multiple\/","title":{"rendered":"Esclerosis M\u00faltiple"},"content":{"rendered":"<h2>\r\nMarihuana medicinal y la esclerosis m\u00faltiple (MS)\r\n<\/h2>\r\n<p>\r\nLa esclerosis m\u00faltiple (EM), un trastorno debilitante ya veces mortal del sistema nervioso central, es la enfermedad neurol\u00f3gica debilitante m\u00e1s com\u00fan entre los j\u00f3venes. Las estimaciones de la Sociedad Nacional de Esclerosis M\u00faltiple (NMSS) sugieren que m\u00e1s de 2,3 millones de personas en todo el mundo padecen la enfermedad, con doscientos nuevos casos diagnosticados en los Estados Unidos cada semana.\r\n\r\n<br> <br> <br>\r\nSi bien los m\u00e9dicos tienen opciones para frenar la progresi\u00f3n de la EM, actualmente no existe una cura. Por esta raz\u00f3n, muchas personas que sufren de EM buscan tratamientos alternativos para retrasar la progresi\u00f3n o aliviar los s\u00edntomas. La marihuana medicinal para la esclerosis m\u00faltiple es una de esas alternativas que promete combatir los s\u00edntomas de la enfermedad. Obtenga m\u00e1s informaci\u00f3n sobre c\u00f3mo el cannabis puede ayudar a determinar si es una opci\u00f3n adecuada para usted o un ser querido.\r\n<\/p>\r\n\r\n<h2> \u00bfQu\u00e9 es la esclerosis m\u00faltiple? <\/h2>\r\n<p> La esclerosis m\u00faltiple es una enfermedad autoinmune en la que el sistema inmunitario del cuerpo ataca por error al tejido sano en el sistema nervioso central, principalmente el cerebro y la m\u00e9dula espinal. Espec\u00edficamente, la enfermedad hace que el sistema inmune ataque a la mielina, una sustancia grasa que forma una cubierta protectora y aislante sobre las fibras nerviosas. El tejido cicatricial, conocido como esclerosis, se forma debido al da\u00f1o de la mielina.\r\n<br> <br> <br>\r\nCon el tiempo, el da\u00f1o puede extenderse desde la mielina a las fibras nerviosas. El da\u00f1o interrumpe o distorsiona los impulsos nerviosos en el sistema nervioso central, lo que causa una variedad de s\u00edntomas, principalmente dolor y dificultad para controlar el cuerpo.\r\n\r\n<\/p>","protected":false},"excerpt":{"rendered":"<p>Marihuana medicinal y la esclerosis m\u00faltiple (MS) La esclerosis m\u00faltiple (EM), un trastorno debilitante ya veces mortal del sistema nervioso central, es la enfermedad neurol\u00f3gica debilitante m\u00e1s com\u00fan entre los j\u00f3venes. Las estimaciones de la Sociedad Nacional de Esclerosis M\u00faltiple (NMSS) sugieren que m\u00e1s de 2,3 millones de personas en todo el mundo padecen la [&hellip;]<\/p>\n","protected":false},"author":1,"featured_media":0,"parent":0,"menu_order":0,"comment_status":"closed","ping_status":"closed","template":"","meta":{"footnotes":""},"class_list":["post-836","page","type-page","status-publish","hentry"],"_links":{"self":[{"href":"https:\/\/floridacannabisdoctorclinic.com\/es\/wp-json\/wp\/v2\/pages\/836","targetHints":{"allow":["GET"]}}],"collection":[{"href":"https:\/\/floridacannabisdoctorclinic.com\/es\/wp-json\/wp\/v2\/pages"}],"about":[{"href":"https:\/\/floridacannabisdoctorclinic.com\/es\/wp-json\/wp\/v2\/types\/page"}],"author":[{"embeddable":true,"href":"https:\/\/floridacannabisdoctorclinic.com\/es\/wp-json\/wp\/v2\/users\/1"}],"replies":[{"embeddable":true,"href":"https:\/\/floridacannabisdoctorclinic.com\/es\/wp-json\/wp\/v2\/comments?post=836"}],"version-history":[{"count":2,"href":"https:\/\/floridacannabisdoctorclinic.com\/es\/wp-json\/wp\/v2\/pages\/836\/revisions"}],"predecessor-version":[{"id":902,"href":"https:\/\/floridacannabisdoctorclinic.com\/es\/wp-json\/wp\/v2\/pages\/836\/revisions\/902"}],"wp:attachment":[{"href":"https:\/\/floridacannabisdoctorclinic.com\/es\/wp-json\/wp\/v2\/media?parent=836"}],"curies":[{"name":"wp","href":"https:\/\/api.w.org\/{rel}","templated":true}]}}