{"id":834,"date":"2018-05-19T15:04:08","date_gmt":"2018-05-19T15:04:08","guid":{"rendered":"http:\/\/dev.agenciamapache.com\/BMT\/?page_id=834"},"modified":"2018-08-06T10:37:20","modified_gmt":"2018-08-06T10:37:20","slug":"glaucoma","status":"publish","type":"page","link":"https:\/\/floridacannabisdoctorclinic.com\/es\/glaucoma\/","title":{"rendered":"Glaucoma"},"content":{"rendered":"<h2>\r\nMarihuana medicinal y el glaucoma\r\n<\/h2>\r\n<p>\r\nSi le han diagnosticado glaucoma con una afecci\u00f3n ocular, naturalmente estar\u00e1 preocupado. Su visi\u00f3n podr\u00eda verse afectada significativamente a medida que empeora la condici\u00f3n. Incluso puedes quedarte ciego. Afortunadamente, la detecci\u00f3n temprana y el tratamiento pueden preservar la visi\u00f3n.\r\n\r\n<br> <br> <br>\r\nEste art\u00edculo puede beneficiarlo si actualmente est\u00e1 buscando tratamientos alternativos para su glaucoma. Aprender\u00e1 c\u00f3mo la marihuana medicinal para el glaucoma puede ayudar a aliviar sus s\u00edntomas con suavidad, especialmente si est\u00e1 buscando respuestas y est\u00e1 preocupado acerca de c\u00f3mo la afecci\u00f3n le afecta a usted o a un ser querido.\r\n<\/p>\r\n\r\n<h2> \u00bfQu\u00e9 es el glaucoma? <\/h2>\r\n<p> Se estima que m\u00e1s de 3 millones de estadounidenses padecen glaucoma, una enfermedad del nervio principal de la visi\u00f3n llamada nervio \u00f3ptico. Sin diagn\u00f3stico y tratamiento, el glaucoma puede progresar a la p\u00e9rdida de la visi\u00f3n central y la ceguera. En todo el mundo, el glaucoma es la principal causa de ceguera irreversible.\r\n<br> <br> <br>\r\nPara una buena visi\u00f3n, necesitas un nervio \u00f3ptico saludable. El nervio en s\u00ed consiste en m\u00e1s de un mill\u00f3n de fibras nerviosas. Conecta su retina, el tejido sensible a la luz en la parte posterior de su ojo, a su cerebro. Con el glaucoma, el l\u00edquido generalmente se acumula en la parte frontal del ojo, ejerciendo presi\u00f3n adicional dentro del ojo y da\u00f1ando el nervio \u00f3ptico.\r\n\r\n<\/p>","protected":false},"excerpt":{"rendered":"<p>Marihuana medicinal y el glaucoma Si le han diagnosticado glaucoma con una afecci\u00f3n ocular, naturalmente estar\u00e1 preocupado. Su visi\u00f3n podr\u00eda verse afectada significativamente a medida que empeora la condici\u00f3n. Incluso puedes quedarte ciego. Afortunadamente, la detecci\u00f3n temprana y el tratamiento pueden preservar la visi\u00f3n. Este art\u00edculo puede beneficiarlo si actualmente est\u00e1 buscando tratamientos alternativos para [&hellip;]<\/p>\n","protected":false},"author":1,"featured_media":0,"parent":0,"menu_order":0,"comment_status":"closed","ping_status":"closed","template":"","meta":{"footnotes":""},"class_list":["post-834","page","type-page","status-publish","hentry"],"_links":{"self":[{"href":"https:\/\/floridacannabisdoctorclinic.com\/es\/wp-json\/wp\/v2\/pages\/834","targetHints":{"allow":["GET"]}}],"collection":[{"href":"https:\/\/floridacannabisdoctorclinic.com\/es\/wp-json\/wp\/v2\/pages"}],"about":[{"href":"https:\/\/floridacannabisdoctorclinic.com\/es\/wp-json\/wp\/v2\/types\/page"}],"author":[{"embeddable":true,"href":"https:\/\/floridacannabisdoctorclinic.com\/es\/wp-json\/wp\/v2\/users\/1"}],"replies":[{"embeddable":true,"href":"https:\/\/floridacannabisdoctorclinic.com\/es\/wp-json\/wp\/v2\/comments?post=834"}],"version-history":[{"count":3,"href":"https:\/\/floridacannabisdoctorclinic.com\/es\/wp-json\/wp\/v2\/pages\/834\/revisions"}],"predecessor-version":[{"id":900,"href":"https:\/\/floridacannabisdoctorclinic.com\/es\/wp-json\/wp\/v2\/pages\/834\/revisions\/900"}],"wp:attachment":[{"href":"https:\/\/floridacannabisdoctorclinic.com\/es\/wp-json\/wp\/v2\/media?parent=834"}],"curies":[{"name":"wp","href":"https:\/\/api.w.org\/{rel}","templated":true}]}}