{"id":832,"date":"2018-05-19T15:02:30","date_gmt":"2018-05-19T15:02:30","guid":{"rendered":"http:\/\/dev.agenciamapache.com\/BMT\/?page_id=832"},"modified":"2018-08-06T10:36:16","modified_gmt":"2018-08-06T10:36:16","slug":"epilepsia","status":"publish","type":"page","link":"https:\/\/floridacannabisdoctorclinic.com\/es\/epilepsia\/","title":{"rendered":"Epilepsia"},"content":{"rendered":"<h2>\r\nMarihuana medicinal y la epilepsia\r\n<\/h2>\r\n<p>\r\nLa marihuana medicinal para la epilepsia se ha mostrado prometedora como un tratamiento seguro y efectivo que no produce los efectos secundarios a menudo severos de los medicamentos tradicionales. Comprender el trastorno y c\u00f3mo funciona el cannabis medicinal para la epilepsia lo ayuda a determinar si es una opci\u00f3n de tratamiento adecuada para usted o un ser querido.\r\n\r\n<\/p>\r\n\r\n<h2> \u00bfQu\u00e9 es la epilepsia? <\/h2>\r\n<p> La epilepsia es un trastorno del sistema nervioso central caracterizado por p\u00e9rdida de conciencia y convulsiones. Las convulsiones causadas por la epilepsia se deben a problemas en el cerebro m\u00e1s que a afecciones m\u00e9dicas temporales, como fiebre alta. Aproximadamente 1 de cada 26 estadounidenses tendr\u00e1 un trastorno convulsivo en alg\u00fan momento de la vida. Las estimaciones muestran que aproximadamente tres millones de estadounidenses tienen epilepsia en este momento. Cada a\u00f1o, otras 200,000 personas reciben un diagn\u00f3stico de epilepsia.\r\n<br> <br> <br>\r\nEl trastorno produce actividad el\u00e9ctrica intensa y anormal en el cerebro, que puede causar convulsiones. Este trastorno puede ser causado por da\u00f1o cerebral, un tumor o una infecci\u00f3n, pero en la mayor\u00eda de los casos, la causa es desconocida. Las toxinas ambientales y las alteraciones metab\u00f3licas tambi\u00e9n pueden ser responsables en algunos casos. <\/p>","protected":false},"excerpt":{"rendered":"<p>Marihuana medicinal y la epilepsia La marihuana medicinal para la epilepsia se ha mostrado prometedora como un tratamiento seguro y efectivo que no produce los efectos secundarios a menudo severos de los medicamentos tradicionales. Comprender el trastorno y c\u00f3mo funciona el cannabis medicinal para la epilepsia lo ayuda a determinar si es una opci\u00f3n de [&hellip;]<\/p>\n","protected":false},"author":1,"featured_media":0,"parent":0,"menu_order":0,"comment_status":"closed","ping_status":"closed","template":"","meta":{"footnotes":""},"class_list":["post-832","page","type-page","status-publish","hentry"],"_links":{"self":[{"href":"https:\/\/floridacannabisdoctorclinic.com\/es\/wp-json\/wp\/v2\/pages\/832","targetHints":{"allow":["GET"]}}],"collection":[{"href":"https:\/\/floridacannabisdoctorclinic.com\/es\/wp-json\/wp\/v2\/pages"}],"about":[{"href":"https:\/\/floridacannabisdoctorclinic.com\/es\/wp-json\/wp\/v2\/types\/page"}],"author":[{"embeddable":true,"href":"https:\/\/floridacannabisdoctorclinic.com\/es\/wp-json\/wp\/v2\/users\/1"}],"replies":[{"embeddable":true,"href":"https:\/\/floridacannabisdoctorclinic.com\/es\/wp-json\/wp\/v2\/comments?post=832"}],"version-history":[{"count":2,"href":"https:\/\/floridacannabisdoctorclinic.com\/es\/wp-json\/wp\/v2\/pages\/832\/revisions"}],"predecessor-version":[{"id":897,"href":"https:\/\/floridacannabisdoctorclinic.com\/es\/wp-json\/wp\/v2\/pages\/832\/revisions\/897"}],"wp:attachment":[{"href":"https:\/\/floridacannabisdoctorclinic.com\/es\/wp-json\/wp\/v2\/media?parent=832"}],"curies":[{"name":"wp","href":"https:\/\/api.w.org\/{rel}","templated":true}]}}