{"id":830,"date":"2018-05-19T15:01:22","date_gmt":"2018-05-19T15:01:22","guid":{"rendered":"http:\/\/dev.agenciamapache.com\/BMT\/?page_id=830"},"modified":"2018-08-06T10:34:30","modified_gmt":"2018-08-06T10:34:30","slug":"dolor-cronico","status":"publish","type":"page","link":"https:\/\/floridacannabisdoctorclinic.com\/es\/dolor-cronico\/","title":{"rendered":"Dolor Cr\u00f3nico"},"content":{"rendered":"<h2>\r\nLa marihuana medicinal y el dolor cr\u00f3nico\r\n<\/h2>\r\n<p>\r\nSi sufre de dolor severo y cr\u00f3nico, sin duda ha probado casi todos los medicamentos y terapias en el mercado para aliviarse. El dolor cr\u00f3nico es el nombre que se le da a cualquier dolor que dura m\u00e1s de 12 semanas, informa el Instituto Nacional de Salud, y puede persistir durante meses o incluso a\u00f1os. Aproximadamente 100 millones de estadounidenses sufren de dolor agudo y cr\u00f3nico.\r\n<br> <br> <br>\r\nAqu\u00ed, vamos a echar un vistazo al cannabis medicinal para el dolor cr\u00f3nico. \u00bfEl bote medicinal ayuda a tratar las condiciones de dolor cr\u00f3nico? Si es as\u00ed, \u00bfqu\u00e9 variedades de marihuana son las mejores para usar? Si eres nuevo en el mundo del cannabis medicinal, o incluso si no lo eres, te proporcionaremos informaci\u00f3n que te ayudar\u00e1 a tomar una decisi\u00f3n informada sobre si el cannabis medicinal para el dolor cr\u00f3nico podr\u00eda o no ayudarte a tratarlo.\r\n<\/p>\r\n\r\n<h2> \u00bfQu\u00e9 es el dolor cr\u00f3nico y c\u00f3mo puede afectarlo? <\/h2>\r\n<p> El dolor cr\u00f3nico es un estado en el cual el dolor persiste m\u00e1s all\u00e1 del curso habitual de una enfermedad aguda o curaci\u00f3n de una lesi\u00f3n, o que puede o no estar asociado con un proceso patol\u00f3gico agudo o cr\u00f3nico que causa dolor continuo o intermitente durante meses o a\u00f1os. La investigaci\u00f3n ha demostrado que el cannabis medicinal para el dolor cr\u00f3nico puede ser un m\u00e9todo eficaz de tratamiento que es mucho m\u00e1s seguro que muchas otras opciones.\r\n<br> <br> <br>\r\nEl dolor cr\u00f3nico es una condici\u00f3n a menudo incapacitante que afecta todos los aspectos de su vida. Puede hacer que las actividades m\u00e1s sencillas, como abotonarse la camisa o atarse los zapatos, sea una lucha. Con el tiempo, la condici\u00f3n pasa factura y puede encontrarse deprimido y deprimido debido a su lucha constante con su dolor.\r\n<br> <br> <br>\r\n\r\nSi sufres una lesi\u00f3n, un dolor agudo y repentino es una sensaci\u00f3n f\u00edsica normal desencadenada dentro de tu sistema nervioso para alertarte de que algo anda mal. En contraste, el dolor cr\u00f3nico es persistente. Tal vez hubo una enfermedad o lesi\u00f3n inicial que provoc\u00f3 su dolor cr\u00f3nico. Es posible que haya sufrido una infecci\u00f3n o lesi\u00f3n grave, o que haya una causa constante de este dolor, como c\u00e1ncer, fibromialgia o artritis. Alternativamente, puede que no haya una causa definitiva.\r\n<br> <br> <br>\r\nLas se\u00f1ales de dolor pueden estar disparando dentro de su sistema nervioso durante semanas, meses e incluso a\u00f1os, y las personas mayores a menudo se sienten afligidas. Debido a que la capacidad de soportar el dolor cr\u00f3nico es t\u00edpicamente subjetiva y personal, puede ser imposible de medir. Su m\u00e9dico debe confiar en sus palabras y una descripci\u00f3n del dolor, a menudo usando una escala de dolor, para evaluarlo.\r\n\r\n<br> <br> <br>\r\nCuando sufres un dolor constante durante un per\u00edodo prolongado, tambi\u00e9n puede tener un efecto significativamente perjudicial en tu salud emocional y psicol\u00f3gica. Puede sentirse aislado de sus amigos y familiares ya que no puede participar en actividades que una vez disfrut\u00f3. Siempre puede estar agotado ya que el sue\u00f1o es dif\u00edcil debido a la incomodidad f\u00edsica. Tambi\u00e9n es posible que no pueda mantener un trabajo y, en consecuencia, descubra que ya no puede pagar su nivel de vida habitual.\r\n\r\n<br> <br> <br>\r\nSi padece dolor cr\u00f3nico, la marihuana medicinal podr\u00eda aliviar significativamente sus s\u00edntomas y mejorar su calidad de vida. La investigaci\u00f3n ha demostrado que el cannabis medicinal para el dolor cr\u00f3nico puede ser un m\u00e9todo eficaz de tratamiento que es mucho m\u00e1s seguro que muchas otras opciones.\r\n<\/p>\r\n","protected":false},"excerpt":{"rendered":"<p>La marihuana medicinal y el dolor cr\u00f3nico Si sufre de dolor severo y cr\u00f3nico, sin duda ha probado casi todos los medicamentos y terapias en el mercado para aliviarse. El dolor cr\u00f3nico es el nombre que se le da a cualquier dolor que dura m\u00e1s de 12 semanas, informa el Instituto Nacional de Salud, y [&hellip;]<\/p>\n","protected":false},"author":1,"featured_media":0,"parent":0,"menu_order":0,"comment_status":"closed","ping_status":"closed","template":"","meta":{"footnotes":""},"class_list":["post-830","page","type-page","status-publish","hentry"],"_links":{"self":[{"href":"https:\/\/floridacannabisdoctorclinic.com\/es\/wp-json\/wp\/v2\/pages\/830","targetHints":{"allow":["GET"]}}],"collection":[{"href":"https:\/\/floridacannabisdoctorclinic.com\/es\/wp-json\/wp\/v2\/pages"}],"about":[{"href":"https:\/\/floridacannabisdoctorclinic.com\/es\/wp-json\/wp\/v2\/types\/page"}],"author":[{"embeddable":true,"href":"https:\/\/floridacannabisdoctorclinic.com\/es\/wp-json\/wp\/v2\/users\/1"}],"replies":[{"embeddable":true,"href":"https:\/\/floridacannabisdoctorclinic.com\/es\/wp-json\/wp\/v2\/comments?post=830"}],"version-history":[{"count":2,"href":"https:\/\/floridacannabisdoctorclinic.com\/es\/wp-json\/wp\/v2\/pages\/830\/revisions"}],"predecessor-version":[{"id":894,"href":"https:\/\/floridacannabisdoctorclinic.com\/es\/wp-json\/wp\/v2\/pages\/830\/revisions\/894"}],"wp:attachment":[{"href":"https:\/\/floridacannabisdoctorclinic.com\/es\/wp-json\/wp\/v2\/media?parent=830"}],"curies":[{"name":"wp","href":"https:\/\/api.w.org\/{rel}","templated":true}]}}