{"id":33,"date":"2011-05-02T11:45:48","date_gmt":"2011-05-02T11:45:48","guid":{"rendered":"http:\/\/192.168.1.56\/Themes\/2012\/Nano2\/Website_WP\/?page_id=33"},"modified":"2018-08-06T10:30:22","modified_gmt":"2018-08-06T10:30:22","slug":"artritis","status":"publish","type":"page","link":"https:\/\/floridacannabisdoctorclinic.com\/es\/artritis\/","title":{"rendered":"Artritis"},"content":{"rendered":"<h2>\r\nLa marihuana medicinal y la Artritis\r\n<\/h2>\r\n<p>\r\nEl conocimiento es poder. Es crucial que sepa todo lo que pueda sobre la artritis cuando haya recibido un diagn\u00f3stico de la afecci\u00f3n. La artritis afecta su calidad de vida. Por lo tanto, es \u00fatil que sepa que el cannabis medicinal puede ser una ruta de tratamiento real si le preocupa tomar un c\u00f3ctel de medicamentos tradicionales. A continuaci\u00f3n, puede conocer los diversos tratamientos convencionales que puede esperar y c\u00f3mo la marihuana medicinal para la artritis puede ayudar a aliviar sus s\u00edntomas.\r\n<\/p>\r\n\r\n<h2>\u00bfQu\u00e9 es la artritis?<\/h2>\r\n<p>La artritis es una condici\u00f3n com\u00fan, aunque no bien entendida. Seg\u00fan la Arthritis Foundation, hay m\u00e1s de 100 tipos de la enfermedad y sus afecciones relacionadas. La artritis afecta a personas de todas las edades, razas y sexos, aunque tiende a ocurrir con mayor frecuencia a medida que envejecemos y tambi\u00e9n es m\u00e1s com\u00fan en las mujeres.<br><br>El t\u00e9rmino artritis significa inflamaci\u00f3n de las articulaciones. Afecta el tejido conjuntivo, las articulaciones y los tejidos que los rodean.\r\n<\/p>","protected":false},"excerpt":{"rendered":"<p>La marihuana medicinal y la Artritis El conocimiento es poder. Es crucial que sepa todo lo que pueda sobre la artritis cuando haya recibido un diagn\u00f3stico de la afecci\u00f3n. La artritis afecta su calidad de vida. Por lo tanto, es \u00fatil que sepa que el cannabis medicinal puede ser una ruta de tratamiento real si [&hellip;]<\/p>\n","protected":false},"author":1,"featured_media":0,"parent":0,"menu_order":0,"comment_status":"closed","ping_status":"closed","template":"","meta":{"footnotes":""},"class_list":["post-33","page","type-page","status-publish","hentry"],"_links":{"self":[{"href":"https:\/\/floridacannabisdoctorclinic.com\/es\/wp-json\/wp\/v2\/pages\/33","targetHints":{"allow":["GET"]}}],"collection":[{"href":"https:\/\/floridacannabisdoctorclinic.com\/es\/wp-json\/wp\/v2\/pages"}],"about":[{"href":"https:\/\/floridacannabisdoctorclinic.com\/es\/wp-json\/wp\/v2\/types\/page"}],"author":[{"embeddable":true,"href":"https:\/\/floridacannabisdoctorclinic.com\/es\/wp-json\/wp\/v2\/users\/1"}],"replies":[{"embeddable":true,"href":"https:\/\/floridacannabisdoctorclinic.com\/es\/wp-json\/wp\/v2\/comments?post=33"}],"version-history":[{"count":4,"href":"https:\/\/floridacannabisdoctorclinic.com\/es\/wp-json\/wp\/v2\/pages\/33\/revisions"}],"predecessor-version":[{"id":892,"href":"https:\/\/floridacannabisdoctorclinic.com\/es\/wp-json\/wp\/v2\/pages\/33\/revisions\/892"}],"wp:attachment":[{"href":"https:\/\/floridacannabisdoctorclinic.com\/es\/wp-json\/wp\/v2\/media?parent=33"}],"curies":[{"name":"wp","href":"https:\/\/api.w.org\/{rel}","templated":true}]}}