{"id":112,"date":"2011-07-31T16:55:44","date_gmt":"2011-07-31T16:55:44","guid":{"rendered":"http:\/\/192.168.1.56\/Themes\/2012\/Nano2\/Website_WP\/?page_id=112"},"modified":"2018-08-08T08:42:04","modified_gmt":"2018-08-08T08:42:04","slug":"registro-de-pacientes","status":"publish","type":"page","link":"https:\/\/floridacannabisdoctorclinic.com\/es\/registro-de-pacientes\/","title":{"rendered":"Registro de Pacientes"},"content":{"rendered":"Para obtener una tarjeta de identificaci\u00f3n emitida por el estado, debe visitar a un m\u00e9dico, el Dr. Grisales tiene licencia para recetar marihuana medicinal. El Dr. Grisales querr\u00e1 conocer su historial m\u00e9dico y podr\u00eda necesitar registros m\u00e9dicos de m\u00e9dicos anteriores que incluyan informaci\u00f3n relevante a su condici\u00f3n de calificaci\u00f3n. Aseg\u00farese de poder acceder a sus registros m\u00e9dicos antes de programar una cita. <br> <br> <br>\r\nLos requisitos de solicitud le solicitar\u00e1n informaci\u00f3n b\u00e1sica, como su nombre, direcci\u00f3n y n\u00famero de tel\u00e9fono. Tambi\u00e9n generalmente solicitar\u00e1 una variedad de informaci\u00f3n relacionada con su condici\u00f3n y su historial m\u00e9dico.\r\n\u00a0\r\n<h3> Cita del paciente <\/h3>\r\n\u00a0\u00a0\u00a0Para obtener este medicamento o obtener la certificaci\u00f3n para recibir este medicamento, el paciente primero tiene que hacer una cita donde el m\u00e9dico hablar\u00e1 con \u00e9l \/ ella y har\u00e1 un historial sobre la enfermedad actual y b\u00e1sicamente determinar\u00e1 si el paciente se beneficiar\u00e1 del medicamento o el paciente no. Si siente que el paciente no se beneficiar\u00e1 de la medicaci\u00f3n, el paciente no ser\u00e1 sometido al tratamiento con cannabis. Pero si siente que el paciente se beneficiar\u00e1 de la medicaci\u00f3n seg\u00fan los criterios individuales del paciente, entonces le recetar\u00e1 el tratamiento con cannabis.\r\n\r\n<h3> Registro de pacientes <\/h3>\r\n\u00a0\u00a0\u00a0\u00a0\u00a0Una vez que el paciente ha sido visto por el m\u00e9dico y observa la historia de la enfermedad presente del paciente, debe agregar al paciente a un registro. Su m\u00e9dico debe completar una solicitud y enviarla al estado para su aprobaci\u00f3n. Una vez que el paciente se agrega al registro, lo que se entiende es que el paciente se agrega a una universidad que ha realizado una investigaci\u00f3n y al paciente se le asigna un n\u00famero espec\u00edfico. Una vez que el m\u00e9dico le da al paciente el n\u00famero que le ha sido asignado.\r\n\r\n<h3> Preparar el pago. <\/h3>\r\nHay tarifas asociadas con la visita al m\u00e9dico. Por lo general, debe pagar en efectivo. Tarifas completas en la primera visita a $ 250 y seguimiento de $ 150. Si bien la marihuana medicinal es legal en ciertos estados, sigue siendo ilegal a nivel federal. El banco no puede aceptar cargos por cheque o tarjeta de cr\u00e9dito.\r\n\r\n<h3> N\u00famero para que el paciente llame<\/h3>\r\n\u00a0\u00a0\u00a0\u00a0\u00a0El paciente debe llamar al registro y hacer un seguimiento con ellos. En este punto, el m\u00e9dico no tiene control sobre las circunstancias que el registro puede brindarle al paciente. Una vez que el paciente obtiene el n\u00famero de identificaci\u00f3n y le da al registro ese n\u00famero y una identificaci\u00f3n de pasaporte v\u00e1lida, el registro le pedir\u00e1 al paciente que env\u00ede un pago de $ 75 para la certificaci\u00f3n. Una vez que reciben toda la informaci\u00f3n de los pacientes y se ha puesto en el sistema. <br> <br> <br>\r\n\r\nLuego contactar\u00e1n al paciente por correo electr\u00f3nico o por tel\u00e9fono para informar al paciente que \u00e9l \/ ella es elegible para recibir el cannabis medicinal. Puede iniciar sesi\u00f3n usando su direcci\u00f3n de correo electr\u00f3nico una vez que haya sido agregada por su m\u00e9dico. Con la certificaci\u00f3n, el paciente ahora puede ir a un dispensario. Una vez que el paciente muestra su certificaci\u00f3n, ellos extraer\u00e1n la informaci\u00f3n del paciente en su sistema y en su sistema es donde aparecer\u00e1 la receta. As\u00ed que tenga en cuenta que esto no es una prescripci\u00f3n f\u00edsica como en una hoja de papel. Todo esto se hace sistem\u00e1ticamente y aparecer\u00e1 en el dispensario (donde se est\u00e1 almacenando el cannabis medicinal). <br> <br>\r\n\u00a0\u00a0\u00a0\u00a0Ahora, los medicamentos vienen en variedad de formas. Vienen en tabletas que pueden tragarse, masticables y aceite de CBD. Los aceites est\u00e1n en forma de vapor, por lo que requieren que el paciente inhale. La unidad que tiene el aceite de CBD, libera una cantidad espec\u00edfica basada en el sue\u00f1o que se proporcion\u00f3 al registro. Una vez que el paciente ha realizado el proceso para poder recibir el cannabis medicinal, el paciente a\u00fan tiene que hacer un seguimiento con el m\u00e9dico hasta cada 3 o 4 meses, dependiendo de cu\u00e1les sean las regulaciones en ese momento. <br> <br> Las regulaciones cambian porque es relativamente nuevo. Pero requiere que el paciente haga seguimientos para renovar su certificaci\u00f3n y para ajustar la cantidad de medicamento que el paciente est\u00e1 recibiendo, si es justo.\r\n\r\n<br> <br> <br>\r\n<b> RENOVAR LA TARJETA <\/b> Para mantener una tarjeta de identificaci\u00f3n del Registro de uso de marihuana medicinal activa, un paciente y \/ o representante legal debe presentar anualmente una solicitud de renovaci\u00f3n, junto con la tarifa de solicitud y cualquier documento de acompa\u00f1amiento requerido al departamento cuarenta cinco (45) d\u00edas antes de la fecha de vencimiento de la tarjeta. <br> <br>\r\n<b> REEMPLAZAR TARJETA POR ROBO O P\u00c9RDIDA <\/b> Las solicitudes para reemplazar una tarjeta perdida o robada requerir\u00e1n que el titular presente un Formulario de solicitud de cambio, reemplazo o entrega, junto con una copia de su licencia de conducir o tarjeta de identificaci\u00f3n de la Florida y una Tarifa de reemplazo de $ 15.\r\n<br> <br> <br>\r\n<i> Si tiene alguna pregunta, consulte el Registro de uso de marihuana medicinal antes de enviar su solicitud. \u00bfPreguntas? Comun\u00edquese con la Oficina de Uso de Marihuana Medicinal al: (800) 808-9580 <\/i>","protected":false},"excerpt":{"rendered":"<p>Para obtener una tarjeta de identificaci\u00f3n emitida por el estado, debe visitar a un m\u00e9dico, el Dr. Grisales tiene licencia para recetar marihuana medicinal. El Dr. Grisales querr\u00e1 conocer su historial m\u00e9dico y podr\u00eda necesitar registros m\u00e9dicos de m\u00e9dicos anteriores que incluyan informaci\u00f3n relevante a su condici\u00f3n de calificaci\u00f3n. Aseg\u00farese de poder acceder a sus [&hellip;]<\/p>\n","protected":false},"author":1,"featured_media":0,"parent":0,"menu_order":0,"comment_status":"closed","ping_status":"closed","template":"","meta":{"footnotes":""},"class_list":["post-112","page","type-page","status-publish","hentry"],"_links":{"self":[{"href":"https:\/\/floridacannabisdoctorclinic.com\/es\/wp-json\/wp\/v2\/pages\/112","targetHints":{"allow":["GET"]}}],"collection":[{"href":"https:\/\/floridacannabisdoctorclinic.com\/es\/wp-json\/wp\/v2\/pages"}],"about":[{"href":"https:\/\/floridacannabisdoctorclinic.com\/es\/wp-json\/wp\/v2\/types\/page"}],"author":[{"embeddable":true,"href":"https:\/\/floridacannabisdoctorclinic.com\/es\/wp-json\/wp\/v2\/users\/1"}],"replies":[{"embeddable":true,"href":"https:\/\/floridacannabisdoctorclinic.com\/es\/wp-json\/wp\/v2\/comments?post=112"}],"version-history":[{"count":8,"href":"https:\/\/floridacannabisdoctorclinic.com\/es\/wp-json\/wp\/v2\/pages\/112\/revisions"}],"predecessor-version":[{"id":907,"href":"https:\/\/floridacannabisdoctorclinic.com\/es\/wp-json\/wp\/v2\/pages\/112\/revisions\/907"}],"wp:attachment":[{"href":"https:\/\/floridacannabisdoctorclinic.com\/es\/wp-json\/wp\/v2\/media?parent=112"}],"curies":[{"name":"wp","href":"https:\/\/api.w.org\/{rel}","templated":true}]}}