{"id":110,"date":"2011-07-31T16:55:26","date_gmt":"2011-07-31T16:55:26","guid":{"rendered":"http:\/\/192.168.1.56\/Themes\/2012\/Nano2\/Website_WP\/?page_id=110"},"modified":"2018-08-06T10:27:42","modified_gmt":"2018-08-06T10:27:42","slug":"conozcanos","status":"publish","type":"page","link":"https:\/\/floridacannabisdoctorclinic.com\/es\/conozcanos\/","title":{"rendered":"Con\u00f3zcanos"},"content":{"rendered":"<h3>Nuestra Visi\u00f3n<\/h3>\r\nBotanic\u2019s Medical Treatment comenz\u00f3 como una pr\u00e1ctica de marihuana medicinal y ha evolucionado en conjunto con las Leyes de Marihuana de Florida al ofrecer poderes sanadores del cannabis de manera legal. Nuestra visi\u00f3n es ser la cl\u00ednica de pr\u00e1ctica de marihuana l\u00edder en toda Florida en los pr\u00f3ximos a\u00f1os.\r\n\r\n<h3>Nuestra Misi\u00f3n<\/h3>\r\nNuestra misi\u00f3n es proporcionar un excelente servicio basado en la calidad, la compasi\u00f3n y la confianza. Ponemos a los pacientes en primer lugar al proporcionar un servicio de atenci\u00f3n m\u00e9dica de la m\u00e1s alta calidad y al promover el uso del cannabis y la reforma progresiva de las leyes sobre la marihuana, de acuerdo con los avances m\u00e9dicos y la investigaci\u00f3n disponible. Creemos en los poderes curativos del cannabis.\r\n\r\n<h3>Proceso: Informaci\u00f3n General<\/h3>\r\nAntes, la marihuana se etiquetaba b\u00e1sicamente como una droga no incluida en la lista, pero a lo largo de los a\u00f1os con la investigaci\u00f3n se han demostrado las propiedades medicinales de la planta misma. La planta de marihuana tiene dos subproductos, que es el CBD (cannabidiol) y el THC (Tetrathydrocannabinol). El CBD tiene las propiedades medicinales.\r\n<br><br>\r\nIdealmente, la marihuana medicinal tiende a ser m\u00e1s alta en CBD que el THC. El CBD ha demostrado tener efectos analg\u00e9sicos, antiinflamatorios e incluso ansiol\u00edticos. Y no produce ninguno de los efectos activos del ciclo, como la sensaci\u00f3n de adormecimiento o mareo. Esto generalmente se produce a partir del THC. Este no es el mismo producto que alguien va a encontrar en la calle o en la hoja que se usa con fines recreativos porque, como se dice, el tratamiento m\u00e9dico \/ medicamento se usa para las propiedades medicinales, ya que el cannabis recreativo se usa para fines recreativos.\r\n<br><br>\r\n    <b>Averig\u00fce si su afecci\u00f3n est\u00e1 cubierta:<\/b><br> si un paciente entra y le pregunta sobre el consumo de cannabis o marihuana medicinal. Primero, debemos identificar si el paciente tiene alg\u00fan tipo de enfermedad que justifique que el paciente tome este medicamento. La legalidad var\u00eda ampliamente, as\u00ed que aseg\u00farese de saber si su condici\u00f3n est\u00e1 cubierta antes de comenzar el proceso de solicitud. Las afecciones comunes cubiertas incluyen c\u00e1ncer, VIH \/ SIDA, enfermedad de Crohn, glaucoma, esclerosis m\u00faltiple y dolor cr\u00f3nico. Algunos estados incluyen s\u00edntomas de trastornos subyacentes, como n\u00e1useas, como condici\u00f3n de calificaci\u00f3n.<br><br>\r\n\u00a0\u00a0\u00a0\u00a0 <b>Encuentre un doctor:<\/b><br> Para obtener una tarjeta de identificaci\u00f3n emitida por el estado, debe visitar a un m\u00e9dico, el Dr. Grisales tiene licencia para recetar marihuana medicinal. El Dr. Grisales querr\u00e1 conocer su historial m\u00e9dico y podr\u00eda necesitar registros m\u00e9dicos de m\u00e9dicos anteriores que incluyan informaci\u00f3n relevante a su condici\u00f3n de calificaci\u00f3n. Aseg\u00farese de poder acceder a sus registros m\u00e9dicos antes de programar una cita.\r\n    <br><br>\r\nLos requisitos de solicitud incluyen informaci\u00f3n b\u00e1sica, como su nombre, direcci\u00f3n y n\u00famero de tel\u00e9fono. Tambi\u00e9n generalmente se solicitar\u00e1 una variedad de informaci\u00f3n relacionada con su condici\u00f3n y su historial m\u00e9dico.\r\n<br><br>\r\n<a href=\"https:\/\/floridacannabisdoctorclinic.com\/es\/?page_id=112\">Haga click aqu\u00ed para conocer el proceso de registro para pacientes<\/a>\r\n","protected":false},"excerpt":{"rendered":"<p>Nuestra Visi\u00f3n Botanic\u2019s Medical Treatment comenz\u00f3 como una pr\u00e1ctica de marihuana medicinal y ha evolucionado en conjunto con las Leyes de Marihuana de Florida al ofrecer poderes sanadores del cannabis de manera legal. Nuestra visi\u00f3n es ser la cl\u00ednica de pr\u00e1ctica de marihuana l\u00edder en toda Florida en los pr\u00f3ximos a\u00f1os. Nuestra Misi\u00f3n Nuestra misi\u00f3n [&hellip;]<\/p>\n","protected":false},"author":1,"featured_media":0,"parent":0,"menu_order":0,"comment_status":"closed","ping_status":"closed","template":"","meta":{"footnotes":""},"class_list":["post-110","page","type-page","status-publish","hentry"],"_links":{"self":[{"href":"https:\/\/floridacannabisdoctorclinic.com\/es\/wp-json\/wp\/v2\/pages\/110","targetHints":{"allow":["GET"]}}],"collection":[{"href":"https:\/\/floridacannabisdoctorclinic.com\/es\/wp-json\/wp\/v2\/pages"}],"about":[{"href":"https:\/\/floridacannabisdoctorclinic.com\/es\/wp-json\/wp\/v2\/types\/page"}],"author":[{"embeddable":true,"href":"https:\/\/floridacannabisdoctorclinic.com\/es\/wp-json\/wp\/v2\/users\/1"}],"replies":[{"embeddable":true,"href":"https:\/\/floridacannabisdoctorclinic.com\/es\/wp-json\/wp\/v2\/comments?post=110"}],"version-history":[{"count":3,"href":"https:\/\/floridacannabisdoctorclinic.com\/es\/wp-json\/wp\/v2\/pages\/110\/revisions"}],"predecessor-version":[{"id":890,"href":"https:\/\/floridacannabisdoctorclinic.com\/es\/wp-json\/wp\/v2\/pages\/110\/revisions\/890"}],"wp:attachment":[{"href":"https:\/\/floridacannabisdoctorclinic.com\/es\/wp-json\/wp\/v2\/media?parent=110"}],"curies":[{"name":"wp","href":"https:\/\/api.w.org\/{rel}","templated":true}]}}